{"id":2413,"date":"2023-08-19T00:33:47","date_gmt":"2023-08-18T22:33:47","guid":{"rendered":"https:\/\/vorlage.dbrains.at\/?page_id=2413"},"modified":"2024-10-24T12:30:10","modified_gmt":"2024-10-24T10:30:10","slug":"impressum","status":"publish","type":"page","link":"https:\/\/qapture.at\/de\/impressum\/","title":{"rendered":"Impressum"},"content":{"rendered":"\t\t<div data-elementor-type=\"wp-page\" data-elementor-id=\"2413\" class=\"elementor elementor-2413\" data-elementor-post-type=\"page\">\n\t\t\t\t<div class=\"elementor-element elementor-element-0f64283 s-abstand p1  e-flex e-con-boxed e-con e-parent\" data-id=\"0f64283\" data-element_type=\"container\" data-settings=\"{&quot;jet_parallax_layout_list&quot;:[],&quot;background_background&quot;:&quot;classic&quot;}\">\n\t\t\t\t\t<div class=\"e-con-inner\">\n\t\t<div class=\"elementor-element elementor-element-2097d3e c-padding e-flex e-con-boxed e-con e-child\" data-id=\"2097d3e\" data-element_type=\"container\" data-settings=\"{&quot;jet_parallax_layout_list&quot;:[]}\">\n\t\t\t\t\t<div class=\"e-con-inner\">\n\t\t\t\t<div class=\"elementor-element elementor-element-504b10f elementor-widget elementor-widget-heading\" data-id=\"504b10f\" data-element_type=\"widget\" data-widget_type=\"heading.default\">\n\t\t\t\t<div class=\"elementor-widget-container\">\n\t\t\t\t\t<h1 class=\"elementor-heading-title elementor-size-default\">Unser <span class=\"h-text-mark-4\">Impressum<\/span><\/h1>\t\t\t\t<\/div>\n\t\t\t\t<\/div>\n\t\t\t\t<div class=\"elementor-element elementor-element-668c322 elementor-widget elementor-widget-text-editor\" data-id=\"668c322\" data-element_type=\"widget\" data-widget_type=\"text-editor.default\">\n\t\t\t\t<div class=\"elementor-widget-container\">\n\t\t\t\t\t\t\t\t\t<p>Rechtliche Hinweise und Anbieterinformationen<\/p>\t\t\t\t\t\t\t\t<\/div>\n\t\t\t\t<\/div>\n\t\t\t\t\t<\/div>\n\t\t\t\t<\/div>\n\t\t\t\t\t<\/div>\n\t\t\t\t<\/div>\n\t\t<div class=\"elementor-element elementor-element-4b88d6b e-flex e-con-boxed e-con e-parent\" data-id=\"4b88d6b\" data-element_type=\"container\" data-settings=\"{&quot;background_background&quot;:&quot;classic&quot;,&quot;jet_parallax_layout_list&quot;:[]}\">\n\t\t\t\t\t<div class=\"e-con-inner\">\n\t\t<div class=\"elementor-element elementor-element-ef173d1 s-abstand  e-flex e-con-boxed e-con e-child\" data-id=\"ef173d1\" data-element_type=\"container\" data-settings=\"{&quot;jet_parallax_layout_list&quot;:[],&quot;background_background&quot;:&quot;classic&quot;}\">\n\t\t\t\t\t<div class=\"e-con-inner\">\n\t\t<div class=\"elementor-element elementor-element-ee840c9 c-padding e-flex e-con-boxed e-con e-child\" data-id=\"ee840c9\" data-element_type=\"container\" data-settings=\"{&quot;jet_parallax_layout_list&quot;:[]}\">\n\t\t\t\t\t<div class=\"e-con-inner\">\n\t\t\t\t<div class=\"elementor-element elementor-element-8ff9707 elementor-widget elementor-widget-text-editor\" data-id=\"8ff9707\" data-element_type=\"widget\" data-widget_type=\"text-editor.default\">\n\t\t\t\t<div class=\"elementor-widget-container\">\n\t\t\t\t\t\t\t\t\t<p><b>qapture GmbH<br><\/b><br>Dienstleistungen in der automatischen Datenverarbeitung und Informationstechnik<br><br><\/p>\n<p><\/p>\n<p><b>UID-Nr: <\/b>ATU75392727<br><b>FN:<\/b> 530581t<br><b>FB-Gericht: <\/b>Landesgericht Linz<br><b>Sitz: <br><\/b>4040 Linz<br>OIC \u2013 Altenbergerstra\u00dfe 69 I Austria<\/p>\n<p><br><\/p>\n<p><\/p>\n<p>E-Mail: <a href=\"mailto:hello@qapture.at\">hello@qapture.at<\/a><\/p>\n<p><br><\/p>\n<p><\/p>\n<p><strong>Medieninhaber:<\/strong>&nbsp;<br>qapture GmbH<\/p>\n<p><strong>Alleinvertretungsbefugte Gesch\u00e4ftsf\u00fchrer:<\/strong><br>Daniel H\u00f6ller und Dominic Koll<\/p>\n<p><br><\/p><ul>\n<\/ul>\n<p><a href=\"https:\/\/qapture.at\/\/wp-content\/uploads\/2024\/06\/qapture-AGB.pdf\">AGBs Download<\/a><\/p>\t\t\t\t\t\t\t\t<\/div>\n\t\t\t\t<\/div>\n\t\t\t\t\t<\/div>\n\t\t\t\t<\/div>\n\t\t\t\t\t<\/div>\n\t\t\t\t<\/div>\n\t\t\t\t\t<\/div>\n\t\t\t\t<\/div>\n\t\t\t\t<\/div>\n\t\t","protected":false},"excerpt":{"rendered":"<p>Unser Impressum Rechtliche Hinweise und Anbieterinformationen qapture GmbHDienstleistungen in der automatischen Datenverarbeitung und Informationstechnik UID-Nr: ATU75392727FN: 530581tFB-Gericht: Landesgericht LinzSitz: 4040 LinzOIC \u2013 Altenbergerstra\u00dfe 69 I Austria E-Mail: hello@qapture.at Medieninhaber:&nbsp;qapture GmbH Alleinvertretungsbefugte Gesch\u00e4ftsf\u00fchrer:Daniel H\u00f6ller und Dominic Koll AGBs Download<\/p>\n","protected":false},"author":1,"featured_media":0,"parent":0,"menu_order":41,"comment_status":"closed","ping_status":"closed","template":"","meta":{"footnotes":""},"class_list":["post-2413","page","type-page","status-publish","hentry"],"_links":{"self":[{"href":"https:\/\/qapture.at\/de\/wp-json\/wp\/v2\/pages\/2413","targetHints":{"allow":["GET"]}}],"collection":[{"href":"https:\/\/qapture.at\/de\/wp-json\/wp\/v2\/pages"}],"about":[{"href":"https:\/\/qapture.at\/de\/wp-json\/wp\/v2\/types\/page"}],"author":[{"embeddable":true,"href":"https:\/\/qapture.at\/de\/wp-json\/wp\/v2\/users\/1"}],"replies":[{"embeddable":true,"href":"https:\/\/qapture.at\/de\/wp-json\/wp\/v2\/comments?post=2413"}],"version-history":[{"count":0,"href":"https:\/\/qapture.at\/de\/wp-json\/wp\/v2\/pages\/2413\/revisions"}],"wp:attachment":[{"href":"https:\/\/qapture.at\/de\/wp-json\/wp\/v2\/media?parent=2413"}],"curies":[{"name":"wp","href":"https:\/\/api.w.org\/{rel}","templated":true}]}}